{"id":742,"date":"2024-11-15T16:10:29","date_gmt":"2024-11-15T15:10:29","guid":{"rendered":"http:\/\/sandrinemassonlemee.fr\/?page_id=742"},"modified":"2024-11-16T17:46:23","modified_gmt":"2024-11-16T16:46:23","slug":"ateliers","status":"publish","type":"page","link":"http:\/\/sandrinemassonlemee.fr\/index.php\/ateliers\/","title":{"rendered":"Ateliers"},"content":{"rendered":"\t\t<div data-elementor-type=\"wp-page\" data-elementor-id=\"742\" class=\"elementor elementor-742\">\n\t\t\t\t<div class=\"elementor-element elementor-element-9eec849 e-flex e-con-boxed e-con e-parent\" data-id=\"9eec849\" data-element_type=\"container\" data-settings=\"{&quot;_ha_eqh_enable&quot;:false}\">\n\t\t\t\t\t<div class=\"e-con-inner\">\n\t\t<div class=\"elementor-element elementor-element-289de34 e-con-full animated-fast e-flex elementor-invisible e-con e-child\" data-id=\"289de34\" data-element_type=\"container\" data-settings=\"{&quot;background_background&quot;:&quot;classic&quot;,&quot;animation&quot;:&quot;fadeIn&quot;,&quot;animation_delay&quot;:700,&quot;_ha_eqh_enable&quot;:false}\">\n\t\t\t\t<div class=\"elementor-element elementor-element-efc01fc elementor-widget__width-inherit elementor-widget elementor-widget-heading\" data-id=\"efc01fc\" data-element_type=\"widget\" data-widget_type=\"heading.default\">\n\t\t\t\t<div class=\"elementor-widget-container\">\n\t\t\t<h2 class=\"elementor-heading-title elementor-size-default\">Les Ateliers de Barbotine<\/h2>\t\t<\/div>\n\t\t\t\t<\/div>\n\t\t<div class=\"elementor-element elementor-element-702cab4 e-con-full animated-slow e-flex elementor-invisible e-con e-child\" data-id=\"702cab4\" data-element_type=\"container\" data-settings=\"{&quot;animation&quot;:&quot;fadeIn&quot;,&quot;animation_delay&quot;:700,&quot;_ha_eqh_enable&quot;:false}\">\n\t\t\t\t<div class=\"elementor-element elementor-element-b800cc7 elementor-widget__width-initial ha-has-bg-overlay elementor-widget elementor-widget-text-editor\" data-id=\"b800cc7\" data-element_type=\"widget\" data-widget_type=\"text-editor.default\">\n\t\t\t\t<div class=\"elementor-widget-container\">\n\t\t\t\t\t\t\t<p style=\"text-align: center;\">Je vous propose des ateliers d\u00e9couverte de diff\u00e9rentes techniques de sculpture, modelage, plaque, colombin, pinc\u00e9 &#8230; (cuisson de vos pi\u00e8ces apr\u00e8s s\u00e9chage)<\/p><p style=\"text-align: center;\">Un apr\u00e8s-midi dans une belle ambiance cocooning de 3 heures, avec une petite pause gourmande (caf\u00e9, th\u00e9 ou infusion)<\/p><p style=\"text-align: center;\">Je vous propose plusieurs formules d&#8217;ateliers de Modelage :<\/p><ul style=\"text-align: center;\"><li style=\"text-align: left;\">Formule d\u00e9couverte : 1 atelier de 3 heures \u00e0 55\u20ac<\/li><li style=\"text-align: left;\">Forfait pour 3 ateliers : 160\u20ac<\/li><li style=\"text-align: left;\">Forfait pour 10 ateliers : 500\u20ac<\/li><li style=\"text-align: left;\">Formule &#8220;c\u00e2lin&#8221; (1 enfant accompagn\u00e9 d&#8217;un adulte) : 82.50\u20ac la s\u00e9ance<\/li><\/ul><p style=\"text-align: center;\">Les ateliers se d\u00e9roulent \u00e0 mon atelier : 5 La Lande de Pont Lesdour \u00e0 Locoal-Mendon.<\/p><p style=\"text-align: center;\">Contactez-moi pour de plus amples informations et convenir, ensemble, des dates\u00a0et horaires : <a href=\"mailto:sandrinemassonlemee@gmail.com\">sandrinemassonlemee@gmail.com<\/a><\/p>\t\t\t\t\t\t<\/div>\n\t\t\t\t<\/div>\n\t\t\t\t<\/div>\n\t\t\t\t<\/div>\n\t\t\t\t\t<\/div>\n\t\t\t\t<\/div>\n\t\t\t\t<\/div>\n\t\t","protected":false},"excerpt":{"rendered":"<p>Les Ateliers de Barbotine Je vous propose des ateliers d\u00e9couverte de diff\u00e9rentes techniques de sculpture, modelage, plaque, colombin, pinc\u00e9 &#8230; (cuisson de vos pi\u00e8ces apr\u00e8s s\u00e9chage) Un apr\u00e8s-midi dans une belle ambiance cocooning de 3 heures, avec une petite pause gourmande (caf\u00e9, th\u00e9 ou infusion) Je vous propose plusieurs formules d&#8217;ateliers de Modelage : Formule [&hellip;]<\/p>\n","protected":false},"author":1,"featured_media":0,"parent":0,"menu_order":0,"comment_status":"closed","ping_status":"closed","template":"elementor_header_footer","meta":{"ocean_post_layout":"","ocean_both_sidebars_style":"","ocean_both_sidebars_content_width":0,"ocean_both_sidebars_sidebars_width":0,"ocean_sidebar":"","ocean_second_sidebar":"","ocean_disable_margins":"enable","ocean_add_body_class":"","ocean_shortcode_before_top_bar":"","ocean_shortcode_after_top_bar":"","ocean_shortcode_before_header":"","ocean_shortcode_after_header":"","ocean_has_shortcode":"","ocean_shortcode_after_title":"","ocean_shortcode_before_footer_widgets":"","ocean_shortcode_after_footer_widgets":"","ocean_shortcode_before_footer_bottom":"","ocean_shortcode_after_footer_bottom":"","ocean_display_top_bar":"default","ocean_display_header":"default","ocean_header_style":"","ocean_center_header_left_menu":"","ocean_custom_header_template":"","ocean_custom_logo":0,"ocean_custom_retina_logo":0,"ocean_custom_logo_max_width":0,"ocean_custom_logo_tablet_max_width":0,"ocean_custom_logo_mobile_max_width":0,"ocean_custom_logo_max_height":0,"ocean_custom_logo_tablet_max_height":0,"ocean_custom_logo_mobile_max_height":0,"ocean_header_custom_menu":"","ocean_menu_typo_font_family":"","ocean_menu_typo_font_subset":"","ocean_menu_typo_font_size":0,"ocean_menu_typo_font_size_tablet":0,"ocean_menu_typo_font_size_mobile":0,"ocean_menu_typo_font_size_unit":"px","ocean_menu_typo_font_weight":"","ocean_menu_typo_font_weight_tablet":"","ocean_menu_typo_font_weight_mobile":"","ocean_menu_typo_transform":"","ocean_menu_typo_transform_tablet":"","ocean_menu_typo_transform_mobile":"","ocean_menu_typo_line_height":0,"ocean_menu_typo_line_height_tablet":0,"ocean_menu_typo_line_height_mobile":0,"ocean_menu_typo_line_height_unit":"","ocean_menu_typo_spacing":0,"ocean_menu_typo_spacing_tablet":0,"ocean_menu_typo_spacing_mobile":0,"ocean_menu_typo_spacing_unit":"","ocean_menu_link_color":"","ocean_menu_link_color_hover":"","ocean_menu_link_color_active":"","ocean_menu_link_background":"","ocean_menu_link_hover_background":"","ocean_menu_link_active_background":"","ocean_menu_social_links_bg":"","ocean_menu_social_hover_links_bg":"","ocean_menu_social_links_color":"","ocean_menu_social_hover_links_color":"","ocean_disable_title":"on","ocean_disable_heading":"default","ocean_post_title":"","ocean_post_subheading":"","ocean_post_title_style":"","ocean_post_title_background_color":"","ocean_post_title_background":0,"ocean_post_title_bg_image_position":"","ocean_post_title_bg_image_attachment":"","ocean_post_title_bg_image_repeat":"","ocean_post_title_bg_image_size":"","ocean_post_title_height":0,"ocean_post_title_bg_overlay":0.5,"ocean_post_title_bg_overlay_color":"","ocean_disable_breadcrumbs":"off","ocean_breadcrumbs_color":"","ocean_breadcrumbs_separator_color":"","ocean_breadcrumbs_links_color":"","ocean_breadcrumbs_links_hover_color":"","ocean_display_footer_widgets":"default","ocean_display_footer_bottom":"default","ocean_custom_footer_template":"","footnotes":""},"class_list":["post-742","page","type-page","status-publish","hentry","entry"],"_links":{"self":[{"href":"http:\/\/sandrinemassonlemee.fr\/index.php\/wp-json\/wp\/v2\/pages\/742","targetHints":{"allow":["GET"]}}],"collection":[{"href":"http:\/\/sandrinemassonlemee.fr\/index.php\/wp-json\/wp\/v2\/pages"}],"about":[{"href":"http:\/\/sandrinemassonlemee.fr\/index.php\/wp-json\/wp\/v2\/types\/page"}],"author":[{"embeddable":true,"href":"http:\/\/sandrinemassonlemee.fr\/index.php\/wp-json\/wp\/v2\/users\/1"}],"replies":[{"embeddable":true,"href":"http:\/\/sandrinemassonlemee.fr\/index.php\/wp-json\/wp\/v2\/comments?post=742"}],"version-history":[{"count":15,"href":"http:\/\/sandrinemassonlemee.fr\/index.php\/wp-json\/wp\/v2\/pages\/742\/revisions"}],"predecessor-version":[{"id":768,"href":"http:\/\/sandrinemassonlemee.fr\/index.php\/wp-json\/wp\/v2\/pages\/742\/revisions\/768"}],"wp:attachment":[{"href":"http:\/\/sandrinemassonlemee.fr\/index.php\/wp-json\/wp\/v2\/media?parent=742"}],"curies":[{"name":"wp","href":"https:\/\/api.w.org\/{rel}","templated":true}]}}